{"id":85,"date":"2023-05-25T14:08:18","date_gmt":"2023-05-25T12:08:18","guid":{"rendered":"http:\/\/domainedelacalinerie.fr\/?page_id=85"},"modified":"2024-08-22T18:35:19","modified_gmt":"2024-08-22T16:35:19","slug":"nos-pomsky-adulte","status":"publish","type":"page","link":"https:\/\/domainedelacalinerie.fr\/index.php\/nos-pomsky-adulte\/","title":{"rendered":"Nos Pomsky Adulte"},"content":{"rendered":"\n<p><\/p>\n\n\n\n<p>Nous vous pr\u00e9sentons nos reproducteurs qui sont \u00e9galement nos animaux de famille. Chacun est s\u00e9lectionn\u00e9 pour ses caract\u00e9ristiques physique mais aussi pour son caract\u00e8re afin de vous proposer des chiots stable et \u00e9quilibr\u00e9. <\/p>\n\n\n\n<div class=\"wp-block-media-text is-stacked-on-mobile is-vertically-aligned-top\" style=\"grid-template-columns:42% auto\"><figure class=\"wp-block-media-text__media\"><img loading=\"lazy\" decoding=\"async\" width=\"768\" height=\"1024\" src=\"http:\/\/domainedelacalinerie.fr\/wp-content\/uploads\/2024\/08\/affiche-1-768x1024.png\" alt=\"\" class=\"wp-image-460 size-full\" srcset=\"https:\/\/domainedelacalinerie.fr\/wp-content\/uploads\/2024\/08\/affiche-1-768x1024.png 768w, https:\/\/domainedelacalinerie.fr\/wp-content\/uploads\/2024\/08\/affiche-1-225x300.png 225w, https:\/\/domainedelacalinerie.fr\/wp-content\/uploads\/2024\/08\/affiche-1-1152x1536.png 1152w, https:\/\/domainedelacalinerie.fr\/wp-content\/uploads\/2024\/08\/affiche-1-1536x2048.png 1536w, https:\/\/domainedelacalinerie.fr\/wp-content\/uploads\/2024\/08\/affiche-1-45x60.png 45w\" sizes=\"auto, (max-width: 768px) 100vw, 768px\" \/><\/figure><div class=\"wp-block-media-text__content\">\n<div style=\"height:30px\" aria-hidden=\"true\" class=\"wp-block-spacer\"><\/div>\n\n\n\n<h2 class=\"wp-block-heading\"><a href=\"http:\/\/domainedelacalinerie.fr\/index.php\/2023\/05\/25\/luna\/\">IZZY, <strong><em>Ma Princesse<\/em><\/strong><\/a><\/h2>\n\n\n\n<p><\/p>\n\n\n\n<p>Izzy \u00e0 des allures tr\u00e8s a\u00e9riennes et rebondies. Elle est tr\u00e8s \u00e9nergique et est un vrai petit kangourou, rien ne lui fait peur. Sauf \u00eatre s\u00e9par\u00e9e de sa famille !<\/p>\n\n\n\n<p id=\"GQciD24WzCDh8duR\">C\u2019est une chienne tr\u00e8s sensible qui aime aller se promener mais surtout les c\u00e2lins sur le canap\u00e9. Il n\u2019est pas rare qu\u2019elle demande \u00e0 rentrer m\u00eame lorsque tout le monde est dehors.<\/p>\n\n\n\n<p>C\u2019est le bout en train de la famille ! Si un de nous \u00e0 un petit coup dur dans la journ\u00e9e, elle est toujours l\u00e0 pour nous faire rire, nous communiquer sa bonne humeur.<\/p>\n<\/div><\/div>\n\n\n\n<div class=\"wp-block-media-text alignwide has-media-on-the-right is-stacked-on-mobile\" style=\"grid-template-columns:auto 44%\"><div class=\"wp-block-media-text__content\">\n<div style=\"height:27px\" aria-hidden=\"true\" class=\"wp-block-spacer\"><\/div>\n\n\n\n<h2 class=\"wp-block-heading\"><a href=\"http:\/\/domainedelacalinerie.fr\/index.php\/2023\/05\/25\/luna\/\">LUNA, <strong><em>Ma Beaut\u00e9<\/em><\/strong><\/a><\/h2>\n\n\n\n<p id=\"vJvDEw0Tf18Z4gzJ\">Notre belle Luna peut \u00eatre tr\u00e8s ind\u00e9pendante mais a besoin de notre contact.&nbsp;!elle aime pouvoir gambader seule dans le jardin mais revient toujours d\u00e8s qu\u2019elle nous aper\u00e7oit.<\/p>\n\n\n\n<p>Elle adore les c\u00e2lins dans nos bras et jouer avec ses s\u0153urs mais lorsque le jeu reste calme. C\u2019est le b\u00e9b\u00e9 de la maison, elle a beaucoup besoin d\u2019\u00eatre rassur\u00e9e.<\/p>\n\n\n\n<p id=\"vJvDEw0Tf18Z4gzJ\">Sa particularit\u00e9 physique&nbsp;: Son poils est d\u2019une douceur enivrante&nbsp;! Un vrai doudou&nbsp;!!! Lorsque je commence a mettre mes mains dans sa fourrure, j\u2019ai beaucoup de mal \u00e0 arr\u00eater&nbsp;! Surtout en hiver lorsqu\u2019elle vient s\u2019installer sur moi pour me tenir chaud&nbsp;!<\/p>\n\n\n\n<p id=\"ew2Nh34rxcYeNTmN\"><\/p>\n<\/div><figure class=\"wp-block-media-text__media\"><img loading=\"lazy\" decoding=\"async\" width=\"768\" height=\"1024\" src=\"http:\/\/domainedelacalinerie.fr\/wp-content\/uploads\/2024\/08\/affiche-2-768x1024.png\" alt=\"\" class=\"wp-image-469 size-full\" srcset=\"https:\/\/domainedelacalinerie.fr\/wp-content\/uploads\/2024\/08\/affiche-2-768x1024.png 768w, https:\/\/domainedelacalinerie.fr\/wp-content\/uploads\/2024\/08\/affiche-2-225x300.png 225w, https:\/\/domainedelacalinerie.fr\/wp-content\/uploads\/2024\/08\/affiche-2-1152x1536.png 1152w, https:\/\/domainedelacalinerie.fr\/wp-content\/uploads\/2024\/08\/affiche-2-1536x2048.png 1536w, https:\/\/domainedelacalinerie.fr\/wp-content\/uploads\/2024\/08\/affiche-2-45x60.png 45w\" sizes=\"auto, (max-width: 768px) 100vw, 768px\" \/><\/figure><\/div>\n\n\n\n<div class=\"wp-block-media-text alignwide is-stacked-on-mobile\" style=\"grid-template-columns:46% auto\"><figure class=\"wp-block-media-text__media\"><img loading=\"lazy\" decoding=\"async\" width=\"632\" height=\"755\" src=\"http:\/\/domainedelacalinerie.fr\/wp-content\/uploads\/2023\/05\/Loki-e1685015806634.jpg\" alt=\"\" class=\"wp-image-120 size-full\" srcset=\"https:\/\/domainedelacalinerie.fr\/wp-content\/uploads\/2023\/05\/Loki-e1685015806634.jpg 632w, https:\/\/domainedelacalinerie.fr\/wp-content\/uploads\/2023\/05\/Loki-e1685015806634-251x300.jpg 251w, https:\/\/domainedelacalinerie.fr\/wp-content\/uploads\/2023\/05\/Loki-e1685015806634-50x60.jpg 50w\" sizes=\"auto, (max-width: 632px) 100vw, 632px\" \/><\/figure><div class=\"wp-block-media-text__content\">\n<h2 class=\"wp-block-heading\"><a href=\"http:\/\/domainedelacalinerie.fr\/index.php\/2023\/05\/25\/loki\/\">LOKI, <strong><em>Le Charmeur<\/em><\/strong><\/a><\/h2>\n\n\n\n<p id=\"vJvDEw0Tf18Z4gzJ\"><strong>Pomsky F2<\/strong><br><strong>Robe : <\/strong>Noir et Blanc<br><strong>Poils : <\/strong>Type fluffy<br><strong>Yeux<\/strong> Bleus<br><strong>Taille :\u00a0<\/strong>35 cm<br><strong>Poids :<\/strong>\u00a08,50 kg<\/p>\n\n\n\n<p id=\"ew2Nh34rxcYeNTmN\"><\/p>\n<\/div><\/div>\n","protected":false},"excerpt":{"rendered":"<p>Nous vous pr\u00e9sentons nos reproducteurs qui sont \u00e9galement nos animaux de famille. Chacun est s\u00e9lectionn\u00e9 pour ses caract\u00e9ristiques physique mais aussi pour son caract\u00e8re afin de vous proposer des chiots &hellip; <\/p>\n","protected":false},"author":1,"featured_media":0,"parent":0,"menu_order":0,"comment_status":"closed","ping_status":"closed","template":"","meta":{"_monsterinsights_skip_tracking":false,"_monsterinsights_sitenote_active":false,"_monsterinsights_sitenote_note":"","_monsterinsights_sitenote_category":0,"footnotes":""},"class_list":["post-85","page","type-page","status-publish","hentry","latest_post"],"aioseo_notices":[],"_links":{"self":[{"href":"https:\/\/domainedelacalinerie.fr\/index.php\/wp-json\/wp\/v2\/pages\/85","targetHints":{"allow":["GET"]}}],"collection":[{"href":"https:\/\/domainedelacalinerie.fr\/index.php\/wp-json\/wp\/v2\/pages"}],"about":[{"href":"https:\/\/domainedelacalinerie.fr\/index.php\/wp-json\/wp\/v2\/types\/page"}],"author":[{"embeddable":true,"href":"https:\/\/domainedelacalinerie.fr\/index.php\/wp-json\/wp\/v2\/users\/1"}],"replies":[{"embeddable":true,"href":"https:\/\/domainedelacalinerie.fr\/index.php\/wp-json\/wp\/v2\/comments?post=85"}],"version-history":[{"count":20,"href":"https:\/\/domainedelacalinerie.fr\/index.php\/wp-json\/wp\/v2\/pages\/85\/revisions"}],"predecessor-version":[{"id":475,"href":"https:\/\/domainedelacalinerie.fr\/index.php\/wp-json\/wp\/v2\/pages\/85\/revisions\/475"}],"wp:attachment":[{"href":"https:\/\/domainedelacalinerie.fr\/index.php\/wp-json\/wp\/v2\/media?parent=85"}],"curies":[{"name":"wp","href":"https:\/\/api.w.org\/{rel}","templated":true}]}}