{"id":335,"date":"2023-10-26T12:16:20","date_gmt":"2023-10-26T10:16:20","guid":{"rendered":"http:\/\/domainedelacalinerie.fr\/?page_id=335"},"modified":"2023-10-26T12:16:21","modified_gmt":"2023-10-26T10:16:21","slug":"lettre-dun-eleveur","status":"publish","type":"page","link":"https:\/\/domainedelacalinerie.fr\/index.php\/lettre-dun-eleveur\/","title":{"rendered":"Lettre d&#8217;un \u00e9leveur"},"content":{"rendered":"\n<p><\/p>\n\n\n\n<h3 class=\"wp-block-heading\">Mais un \u00e9leveur, c&#8217;est quoi exactement ? <\/h3>\n\n\n\n<h3 class=\"wp-block-heading\">Et bien c&#8217;est \u00e7a. C&#8217;est nous ! <\/h3>\n\n\n\n<h4 class=\"wp-block-heading\">Merci \u00e0 celui qui \u00e0 \u00e9crit ces quelques lignes qui nous repr\u00e9sentent totalement.<\/h4>\n\n\n<div class=\"wp-block-image\">\n<figure class=\"alignleft size-large is-resized\"><img loading=\"lazy\" decoding=\"async\" width=\"768\" height=\"1024\" src=\"http:\/\/domainedelacalinerie.fr\/wp-content\/uploads\/2023\/10\/IMG_5528-768x1024.jpg\" alt=\"\" class=\"wp-image-340\" style=\"aspect-ratio:0.75;width:449px;height:auto\" srcset=\"https:\/\/domainedelacalinerie.fr\/wp-content\/uploads\/2023\/10\/IMG_5528-768x1024.jpg 768w, https:\/\/domainedelacalinerie.fr\/wp-content\/uploads\/2023\/10\/IMG_5528-225x300.jpg 225w, https:\/\/domainedelacalinerie.fr\/wp-content\/uploads\/2023\/10\/IMG_5528-1152x1536.jpg 1152w, https:\/\/domainedelacalinerie.fr\/wp-content\/uploads\/2023\/10\/IMG_5528-45x60.jpg 45w, https:\/\/domainedelacalinerie.fr\/wp-content\/uploads\/2023\/10\/IMG_5528.jpg 1512w\" sizes=\"auto, (max-width: 768px) 100vw, 768px\" \/><\/figure>\n<\/div>\n\n\n<p><em>&#8220;La plupart des gens croient que nous \u00e9levons des animaux pour nous faire de l&#8217;argent sur leur dos et ne voient que la base : nous mettons les femelles au m\u00e2le et nous engrangeons l&#8217;argent. La r\u00e9alit\u00e9, notre r\u00e9alit\u00e9, est tout autre. De nombreuses personnes viennent frapper \u00e0 notre porte pour devenir \u00e9leveurs \u00e0 leur tour. Elles veulent conna\u00eetre la merveilleuse aventure des naissances. \u00c0 celles-l\u00e0, nous r\u00e9pondrons par la cultiscime r\u00e9plique de Gandalf : \u00ab Fuyez, pauvres fous ! \u00bb. Il est temps d&#8217;abroger les mythes, d&#8217;\u00e9clairer les tabous. L&#8217;\u00e9levage, c&#8217;est la merveilleuse aventure des naissances, mais pas seulement.<\/em><br><em>\u00c0 certaines p\u00e9riodes, l&#8217;\u00e9leveur a renonc\u00e9 \u00e0 dormir dans un lit : il dort par terre, aux c\u00f4t\u00e9s d&#8217;un animal malade ou d&#8217;une m\u00e8re sur le point d&#8217;accoucher&#8230; s&#8217;il dort.<\/em><br><em>L&#8217;\u00e9leveur doit se trouver un emploi qui finance sa passion et lui laisse assez de temps libre pour jouer les nounous.<\/em><br><em>Mais son v\u00e9ritable travail commence au retour \u00e0 la maison, lorsqu&#8217;il faut s&#8217;occuper des animaux.<\/em><br><em>L&#8217;\u00e9leveur d\u00e9pense sans compter pour leur bien-\u00eatre.<\/em><br><em>L&#8217;\u00e9leveur se prive souvent pour subvenir aux besoins de ses animaux avant de subvenir aux siens.<\/em><br><strong><em>L&#8217;\u00e9leveur n&#8217;est pas un vendeur. C&#8217;est une m\u00e8re, un p\u00e8re. Ne lui demandez pas de vous consid\u00e9rer comme un roi : les rois chez lui, ce sont ses animaux, et vous n&#8217;\u00eates pas son client, vous \u00eates la future m\u00e8re ou le futur p\u00e8re de ses petits.<\/em><\/strong><br><em>L&#8217;\u00e9leveur n&#8217;a une vie sociale qu&#8217;\u00e0 certaines p\u00e9riodes, lorsque les b\u00e9b\u00e9s ont grandi, lorsque les animaux ne sont pas malades, lorsque&#8230;<\/em><br><em>S&#8217;il finit par avoir une vie sociale, l&#8217;\u00e9leveur se d\u00e9commande souvent pour une urgence, \u00e9courte ses vacances ou limite la dur\u00e9e de ses sorties au strict n\u00e9cessaire sous le m\u00eame et unique pr\u00e9texte : \u00ab J&#8217;ai des animaux, il faut que je rentre \u00bb.<\/em><br><em>L&#8217;\u00e9leveur estime que son temps libre sert \u00e0 s&#8217;occuper de ses animaux, tout le reste est une corv\u00e9e. D&#8217;ailleurs, quand on lui fait remarquer qu&#8217;il faudrait prendre un peu de temps pour lui, il r\u00e9pond invariablement que s&#8217;occuper de ses animaux, C&#8217;EST du temps pour lui.<\/em><br><em>L&#8217;\u00e9leveur parle des animaux avec tant de passion qu&#8217;il est intarissable sur le sujet, au point que vous avez l&#8217;impression qu&#8217;il n&#8217;a que \u00e7a dans sa vie.<\/em><br><em>L&#8217;\u00e9leveur parle \u00e0 ses animaux comme s&#8217;ils le comprenaient (et c&#8217;est le cas&#8230; vous en doutiez ?).<\/em><br><em>Il \u00e9tudie durant toute sa vie pour am\u00e9liorer sa race, mais aussi pour comprendre int\u00e9gralement le fonctionnement de ces \u00eatres myst\u00e9rieux : g\u00e9n\u00e9tique, sant\u00e9, alimentation, reproduction, tout y passera.<\/em><br><em>Il met tout son c\u0153ur, son temps, son cerveau et ses finances au service de son \u00e9levage.<\/em><br><em>L&#8217;\u00e9leveur est un \u00eatre \u00e0 part, qui n&#8217;a pas une vie normale aux yeux des autres (si vous en doutez encore, relisez&#8230;).<\/em><br><em>L&#8217;\u00e9leveur fait des sacrifices quotidiens, durant tout les mois, de toute l&#8217;ann\u00e9e, de toute sa vie&#8230;<\/em><br><em>Il supporte quotidiennement l&#8217;ignorance des gens qui ne comprennent pas sa passion ou ne la partagent pas et se fait un devoir d&#8217;\u00e9duquer parfois m\u00eame parmi ses proches.<\/em><br><em>Il supporte les a-priori de ceux qui croient qu&#8217;il fait beaucoup d&#8217;argent, alors qu&#8217;il est continuellement dans le rouge.<\/em><br><em>L&#8217;\u00e9leveur aura refus\u00e9 jusqu&#8217;\u00e0 cinquante candidatures d&#8217;adoptants avant de laisser partir un seul b\u00e9b\u00e9. Il pr\u00e9f\u00e8re garder son b\u00e9b\u00e9 \u00e0 la maison que de le laisser partir dans une mauvaise famille.<\/em><br><em>L&#8217;\u00e9leveur supporte quotidiennement la b\u00eatise des gens qui rabaissent, critiquent ou font n&#8217;importe quoi avec sa race.<\/em><br><em>L&#8217;\u00e9leveur n&#8217;a \u00e0 c\u0153ur que le bien-\u00eatre de ses animaux.<\/em><br><em>L&#8217;\u00e9leveur se fait tra\u00eener dans la boue continuellement par d&#8217;autres \u00e9leveurs qui le jalousent ou n&#8217;aiment pas sa fa\u00e7on de voir les choses. \u00c0 ce titre, il se fera plus d&#8217;ennemis qu&#8217;il ne comptera de victoires dans sa vie.<\/em><br><em>Il doit se plier \u00e0 des r\u00e8gles strictes d&#8217;hygi\u00e8ne, de finance, de morale qu&#8217;il est souvent le seul \u00e0 s&#8217;imposer.<\/em><br><em>Il doit rendre des comptes, \u00e0 ses amis, \u00e0 sa famille, aux autres \u00e9leveurs&#8230;<\/em><br><em>L&#8217;\u00e9leveur passe plus de temps chez le v\u00e9t\u00e9rinaire pour un animal que chez le m\u00e9decin pour lui-m\u00eame.<\/em><br><em>L&#8217;\u00e9leveur s&#8217;inqui\u00e8te du moindre \u00e9ternuement, de la moindre paupi\u00e8re close, v\u00e9rifie trois-cents fois par jour l&#8217;\u00e9tat d&#8217;une femelle \u00e0 la veille d&#8217;accoucher et dix mille fois comment vont des b\u00e9b\u00e9s nouveaux-n\u00e9s.<\/em><br><em>Il pleure de joie le jour o\u00f9 na\u00eet un h\u00e9ritier ou une h\u00e9riti\u00e8re tant attendu(e)&#8230; Mais il pleure aussi les nich\u00e9es qui p\u00e9rissent sans qu&#8217;il ne puisse rien y faire. Lorsqu&#8217;un petit meurt, il v\u00e9rifiera le bien-\u00eatre du reste de la nich\u00e9e deux fois plus souvent que d&#8217;habitude (c&#8217;est-\u00e0-dire vingt mille fois par jour).<\/em><br><em>L&#8217;\u00e9leveur pleure les m\u00e8res qui d\u00e9c\u00e8dent \u00e0 l&#8217;accouchement, les retrait\u00e9s qui se cachent pour mourir, les animaux discrets comme ceux qui lui ont tout donn\u00e9&#8230; Mais il se rel\u00e8ve et recommence.<\/em><br><em>Mais, plus important que tout : l&#8217;\u00e9leveur a choisi cela en son \u00e2me et conscience. Il n&#8217;\u00e9changerait donc sa vie contre celle d&#8217;aucun autre et est tr\u00e8s heureux ainsi. Tout ce qui lui importe, c&#8217;est de partager avec quelques rares \u00e9lus l&#8217;Amour qu&#8217;il porte \u00e0 ses animaux. Parce qu&#8217;ils lui ont tant appris, il s&#8217;efforcera de vous offrir un compagnon inestimable. L&#8217;\u00e9leveur s&#8217;attend toujours \u00e0 ce que votre nouveau compagnon change votre vie comme des g\u00e9n\u00e9rations d&#8217;animaux ont chang\u00e9 la sienne avant la v\u00f4tre &#8221; &#8230;<\/em><\/p>\n\n\n\n<p><em>Auteur anonyme<\/em><\/p>\n","protected":false},"excerpt":{"rendered":"<p>Mais un \u00e9leveur, c&#8217;est quoi exactement ? Et bien c&#8217;est \u00e7a. C&#8217;est nous ! Merci \u00e0 celui qui \u00e0 \u00e9crit ces quelques lignes qui nous repr\u00e9sentent totalement. &#8220;La plupart des &hellip; <\/p>\n","protected":false},"author":1,"featured_media":0,"parent":0,"menu_order":0,"comment_status":"closed","ping_status":"closed","template":"","meta":{"_monsterinsights_skip_tracking":false,"_monsterinsights_sitenote_active":false,"_monsterinsights_sitenote_note":"","_monsterinsights_sitenote_category":0,"footnotes":""},"class_list":["post-335","page","type-page","status-publish","hentry","latest_post"],"aioseo_notices":[],"_links":{"self":[{"href":"https:\/\/domainedelacalinerie.fr\/index.php\/wp-json\/wp\/v2\/pages\/335","targetHints":{"allow":["GET"]}}],"collection":[{"href":"https:\/\/domainedelacalinerie.fr\/index.php\/wp-json\/wp\/v2\/pages"}],"about":[{"href":"https:\/\/domainedelacalinerie.fr\/index.php\/wp-json\/wp\/v2\/types\/page"}],"author":[{"embeddable":true,"href":"https:\/\/domainedelacalinerie.fr\/index.php\/wp-json\/wp\/v2\/users\/1"}],"replies":[{"embeddable":true,"href":"https:\/\/domainedelacalinerie.fr\/index.php\/wp-json\/wp\/v2\/comments?post=335"}],"version-history":[{"count":4,"href":"https:\/\/domainedelacalinerie.fr\/index.php\/wp-json\/wp\/v2\/pages\/335\/revisions"}],"predecessor-version":[{"id":341,"href":"https:\/\/domainedelacalinerie.fr\/index.php\/wp-json\/wp\/v2\/pages\/335\/revisions\/341"}],"wp:attachment":[{"href":"https:\/\/domainedelacalinerie.fr\/index.php\/wp-json\/wp\/v2\/media?parent=335"}],"curies":[{"name":"wp","href":"https:\/\/api.w.org\/{rel}","templated":true}]}}