{"id":188,"date":"2023-06-01T09:00:47","date_gmt":"2023-06-01T07:00:47","guid":{"rendered":"http:\/\/domainedelacalinerie.fr\/?page_id=188"},"modified":"2023-07-06T11:33:28","modified_gmt":"2023-07-06T09:33:28","slug":"__trashed","status":"publish","type":"page","link":"https:\/\/domainedelacalinerie.fr\/index.php\/__trashed\/","title":{"rendered":"Notre Actu"},"content":{"rendered":"\n<h3 class=\"wp-block-heading\">Ici vous pourrez suivre nos aventures, celle de nos compagnons ou encore les nouvelles des b\u00e9b\u00e9s qui ont vu le jour chez nous !<\/h3>\n\n\n\n<p><\/p>\n\n\n\n<div style=\"height:67px\" aria-hidden=\"true\" class=\"wp-block-spacer\"><\/div>\n\n\n\n<div class=\"wp-block-query is-layout-flow wp-block-query-is-layout-flow\"><ul class=\"wp-block-post-template is-layout-flow wp-block-post-template-is-layout-flow\"><li class=\"wp-block-post post-449 post type-post status-publish format-standard has-post-thumbnail hentry category-portee latest_post\">\n\n<div class=\"wp-block-columns alignwide is-layout-flex wp-container-core-columns-is-layout-9d6595d7 wp-block-columns-is-layout-flex\">\n<div class=\"wp-block-column is-layout-flow wp-block-column-is-layout-flow\" style=\"flex-basis:66.66%\"><figure class=\"wp-block-post-featured-image\"><a href=\"https:\/\/domainedelacalinerie.fr\/index.php\/2024\/08\/22\/septembre-2024-2\/\" target=\"_self\"  ><img loading=\"lazy\" decoding=\"async\" width=\"940\" height=\"788\" src=\"https:\/\/domainedelacalinerie.fr\/wp-content\/uploads\/2024\/08\/Miniature.jpg\" class=\"attachment-post-thumbnail size-post-thumbnail wp-post-image\" alt=\"Septembre 2024\" style=\"object-fit:cover;\" srcset=\"https:\/\/domainedelacalinerie.fr\/wp-content\/uploads\/2024\/08\/Miniature.jpg 940w, https:\/\/domainedelacalinerie.fr\/wp-content\/uploads\/2024\/08\/Miniature-300x251.jpg 300w, https:\/\/domainedelacalinerie.fr\/wp-content\/uploads\/2024\/08\/Miniature-768x644.jpg 768w, https:\/\/domainedelacalinerie.fr\/wp-content\/uploads\/2024\/08\/Miniature-72x60.jpg 72w\" sizes=\"auto, (max-width: 940px) 100vw, 940px\" \/><\/a><\/figure><\/div>\n\n\n\n<div class=\"wp-block-column is-layout-flow wp-block-column-is-layout-flow\" style=\"flex-basis:33.33%\"><h2 class=\"wp-block-post-title\"><a href=\"https:\/\/domainedelacalinerie.fr\/index.php\/2024\/08\/22\/septembre-2024-2\/\" target=\"_self\" >Septembre 2024<\/a><\/h2>\n\n<div class=\"wp-block-post-excerpt\"><p class=\"wp-block-post-excerpt__excerpt\"> <\/p><\/div><\/div>\n<\/div>\n\n<\/li><li class=\"wp-block-post post-429 post type-post status-publish format-standard has-post-thumbnail hentry category-portee latest_post\">\n\n<div class=\"wp-block-columns alignwide is-layout-flex wp-container-core-columns-is-layout-9d6595d7 wp-block-columns-is-layout-flex\">\n<div class=\"wp-block-column is-layout-flow wp-block-column-is-layout-flow\" style=\"flex-basis:66.66%\"><figure class=\"wp-block-post-featured-image\"><a href=\"https:\/\/domainedelacalinerie.fr\/index.php\/2024\/08\/22\/septembre-2024\/\" target=\"_self\"  ><img loading=\"lazy\" decoding=\"async\" width=\"940\" height=\"788\" src=\"https:\/\/domainedelacalinerie.fr\/wp-content\/uploads\/2024\/08\/img_7297-1.jpg\" class=\"attachment-post-thumbnail size-post-thumbnail wp-post-image\" alt=\"Septembre 2024\" style=\"object-fit:cover;\" srcset=\"https:\/\/domainedelacalinerie.fr\/wp-content\/uploads\/2024\/08\/img_7297-1.jpg 940w, https:\/\/domainedelacalinerie.fr\/wp-content\/uploads\/2024\/08\/img_7297-1-300x251.jpg 300w, https:\/\/domainedelacalinerie.fr\/wp-content\/uploads\/2024\/08\/img_7297-1-768x644.jpg 768w, https:\/\/domainedelacalinerie.fr\/wp-content\/uploads\/2024\/08\/img_7297-1-72x60.jpg 72w\" sizes=\"auto, (max-width: 940px) 100vw, 940px\" \/><\/a><\/figure><\/div>\n\n\n\n<div class=\"wp-block-column is-layout-flow wp-block-column-is-layout-flow\" style=\"flex-basis:33.33%\"><h2 class=\"wp-block-post-title\"><a href=\"https:\/\/domainedelacalinerie.fr\/index.php\/2024\/08\/22\/septembre-2024\/\" target=\"_self\" >Septembre 2024<\/a><\/h2>\n\n<div class=\"wp-block-post-excerpt\"><p class=\"wp-block-post-excerpt__excerpt\">Des petits Pomsky sont attendus pour la rentr\u00e9e \ud83d\udc3e. Le mariage de notre belle Blue \ud83d\udc99 avec Loki, le fils de notre Luna \ud83c\udf19, issu de notre \u00e9levage, a eu &hellip; <\/p><\/div><\/div>\n<\/div>\n\n<\/li><li class=\"wp-block-post post-377 post type-post status-publish format-standard has-post-thumbnail hentry category-actu category-portee latest_post\">\n\n<div class=\"wp-block-columns alignwide is-layout-flex wp-container-core-columns-is-layout-9d6595d7 wp-block-columns-is-layout-flex\">\n<div class=\"wp-block-column is-layout-flow wp-block-column-is-layout-flow\" style=\"flex-basis:66.66%\"><figure class=\"wp-block-post-featured-image\"><a href=\"https:\/\/domainedelacalinerie.fr\/index.php\/2024\/02\/16\/fevrier-2024-izzy-et-tokyo\/\" target=\"_self\"  ><img loading=\"lazy\" decoding=\"async\" width=\"940\" height=\"788\" src=\"https:\/\/domainedelacalinerie.fr\/wp-content\/uploads\/2024\/02\/img_5240-3-1.jpg\" class=\"attachment-post-thumbnail size-post-thumbnail wp-post-image\" alt=\"FEVRIER 2024 : IZZY et TOKYO\" style=\"object-fit:cover;\" srcset=\"https:\/\/domainedelacalinerie.fr\/wp-content\/uploads\/2024\/02\/img_5240-3-1.jpg 940w, https:\/\/domainedelacalinerie.fr\/wp-content\/uploads\/2024\/02\/img_5240-3-1-300x251.jpg 300w, https:\/\/domainedelacalinerie.fr\/wp-content\/uploads\/2024\/02\/img_5240-3-1-768x644.jpg 768w, https:\/\/domainedelacalinerie.fr\/wp-content\/uploads\/2024\/02\/img_5240-3-1-72x60.jpg 72w\" sizes=\"auto, (max-width: 940px) 100vw, 940px\" \/><\/a><\/figure><\/div>\n\n\n\n<div class=\"wp-block-column is-layout-flow wp-block-column-is-layout-flow\" style=\"flex-basis:33.33%\"><h2 class=\"wp-block-post-title\"><a href=\"https:\/\/domainedelacalinerie.fr\/index.php\/2024\/02\/16\/fevrier-2024-izzy-et-tokyo\/\" target=\"_self\" >FEVRIER 2024 : IZZY et TOKYO<\/a><\/h2>\n\n<div class=\"wp-block-post-excerpt\"><p class=\"wp-block-post-excerpt__excerpt\">Notre petite princesse Izzy a \u00e9t\u00e9 mari\u00e9e au magnifique Tokyo des Pomsky de la Luna. Nous attendons des petites beaut\u00e9s de petites tailles. Les chiots devraient avoir un poils fluffy &hellip; <\/p><\/div><\/div>\n<\/div>\n\n<\/li><li class=\"wp-block-post post-349 post type-post status-publish format-standard has-post-thumbnail hentry category-actu latest_post\">\n\n<div class=\"wp-block-columns alignwide is-layout-flex wp-container-core-columns-is-layout-9d6595d7 wp-block-columns-is-layout-flex\">\n<div class=\"wp-block-column is-layout-flow wp-block-column-is-layout-flow\" style=\"flex-basis:66.66%\"><figure class=\"wp-block-post-featured-image\"><a href=\"https:\/\/domainedelacalinerie.fr\/index.php\/2023\/11\/08\/groupe-facebook\/\" target=\"_self\"  ><img loading=\"lazy\" decoding=\"async\" width=\"1640\" height=\"673\" src=\"https:\/\/domainedelacalinerie.fr\/wp-content\/uploads\/2023\/11\/img_4944-2-1.jpg\" class=\"attachment-post-thumbnail size-post-thumbnail wp-post-image\" alt=\"Groupe Facebook\" style=\"object-fit:cover;\" srcset=\"https:\/\/domainedelacalinerie.fr\/wp-content\/uploads\/2023\/11\/img_4944-2-1.jpg 1640w, https:\/\/domainedelacalinerie.fr\/wp-content\/uploads\/2023\/11\/img_4944-2-1-300x123.jpg 300w, https:\/\/domainedelacalinerie.fr\/wp-content\/uploads\/2023\/11\/img_4944-2-1-1024x420.jpg 1024w, https:\/\/domainedelacalinerie.fr\/wp-content\/uploads\/2023\/11\/img_4944-2-1-768x315.jpg 768w, https:\/\/domainedelacalinerie.fr\/wp-content\/uploads\/2023\/11\/img_4944-2-1-1536x630.jpg 1536w, https:\/\/domainedelacalinerie.fr\/wp-content\/uploads\/2023\/11\/img_4944-2-1-146x60.jpg 146w\" sizes=\"auto, (max-width: 1640px) 100vw, 1640px\" \/><\/a><\/figure><\/div>\n\n\n\n<div class=\"wp-block-column is-layout-flow wp-block-column-is-layout-flow\" style=\"flex-basis:33.33%\"><h2 class=\"wp-block-post-title\"><a href=\"https:\/\/domainedelacalinerie.fr\/index.php\/2023\/11\/08\/groupe-facebook\/\" target=\"_self\" >Groupe Facebook<\/a><\/h2>\n\n<div class=\"wp-block-post-excerpt\"><p class=\"wp-block-post-excerpt__excerpt\">Nous avons cr\u00e9\u00e9 un lieu de partage pour toutes nos familles adoptantes, car OUI : nous faisons tous partis de la m\u00eame famille ! Pour tous ceux qui adoptent un &hellip; <\/p><\/div><\/div>\n<\/div>\n\n<\/li><li class=\"wp-block-post post-254 post type-post status-publish format-standard has-post-thumbnail hentry category-non-classe latest_post\">\n\n<div class=\"wp-block-columns alignwide is-layout-flex wp-container-core-columns-is-layout-9d6595d7 wp-block-columns-is-layout-flex\">\n<div class=\"wp-block-column is-layout-flow wp-block-column-is-layout-flow\" style=\"flex-basis:66.66%\"><figure class=\"wp-block-post-featured-image\"><a href=\"https:\/\/domainedelacalinerie.fr\/index.php\/2023\/07\/06\/une-magnifique-journee\/\" target=\"_self\"  ><img loading=\"lazy\" decoding=\"async\" width=\"1600\" height=\"1200\" src=\"https:\/\/domainedelacalinerie.fr\/wp-content\/uploads\/2023\/07\/Photo-12.jpg\" class=\"attachment-post-thumbnail size-post-thumbnail wp-post-image\" alt=\"Une Magnifique Journ\u00e9e\" style=\"object-fit:cover;\" srcset=\"https:\/\/domainedelacalinerie.fr\/wp-content\/uploads\/2023\/07\/Photo-12.jpg 1600w, https:\/\/domainedelacalinerie.fr\/wp-content\/uploads\/2023\/07\/Photo-12-300x225.jpg 300w, https:\/\/domainedelacalinerie.fr\/wp-content\/uploads\/2023\/07\/Photo-12-1024x768.jpg 1024w, https:\/\/domainedelacalinerie.fr\/wp-content\/uploads\/2023\/07\/Photo-12-768x576.jpg 768w, https:\/\/domainedelacalinerie.fr\/wp-content\/uploads\/2023\/07\/Photo-12-1536x1152.jpg 1536w, https:\/\/domainedelacalinerie.fr\/wp-content\/uploads\/2023\/07\/Photo-12-80x60.jpg 80w, https:\/\/domainedelacalinerie.fr\/wp-content\/uploads\/2023\/07\/Photo-12-640x480.jpg 640w, https:\/\/domainedelacalinerie.fr\/wp-content\/uploads\/2023\/07\/Photo-12-110x83.jpg 110w\" sizes=\"auto, (max-width: 1600px) 100vw, 1600px\" \/><\/a><\/figure><\/div>\n\n\n\n<div class=\"wp-block-column is-layout-flow wp-block-column-is-layout-flow\" style=\"flex-basis:33.33%\"><h2 class=\"wp-block-post-title\"><a href=\"https:\/\/domainedelacalinerie.fr\/index.php\/2023\/07\/06\/une-magnifique-journee\/\" target=\"_self\" >Une Magnifique Journ\u00e9e<\/a><\/h2>\n\n<div class=\"wp-block-post-excerpt\"><p class=\"wp-block-post-excerpt__excerpt\">Une journ\u00e9e m\u00e9morable pour tous ! Nous avons retrouv\u00e9s les b\u00e9b\u00e9s de notre premi\u00e8re port\u00e9e pour une apr\u00e8s-midi et un pique nique \u00e0 la base de loisir de Jablines. Que &hellip; <\/p><\/div><\/div>\n<\/div>\n\n<\/li><li class=\"wp-block-post post-242 post type-post status-publish format-standard has-post-thumbnail hentry category-non-classe latest_post\">\n\n<div class=\"wp-block-columns alignwide is-layout-flex wp-container-core-columns-is-layout-9d6595d7 wp-block-columns-is-layout-flex\">\n<div class=\"wp-block-column is-layout-flow wp-block-column-is-layout-flow\" style=\"flex-basis:66.66%\"><figure class=\"wp-block-post-featured-image\"><a href=\"https:\/\/domainedelacalinerie.fr\/index.php\/2023\/06\/18\/petit-ange\/\" target=\"_self\"  ><img loading=\"lazy\" decoding=\"async\" width=\"1200\" height=\"1600\" src=\"https:\/\/domainedelacalinerie.fr\/wp-content\/uploads\/2023\/07\/bella-2.jpg\" class=\"attachment-post-thumbnail size-post-thumbnail wp-post-image\" alt=\"Petit ange\" style=\"object-fit:cover;\" srcset=\"https:\/\/domainedelacalinerie.fr\/wp-content\/uploads\/2023\/07\/bella-2.jpg 1200w, https:\/\/domainedelacalinerie.fr\/wp-content\/uploads\/2023\/07\/bella-2-225x300.jpg 225w, https:\/\/domainedelacalinerie.fr\/wp-content\/uploads\/2023\/07\/bella-2-768x1024.jpg 768w, https:\/\/domainedelacalinerie.fr\/wp-content\/uploads\/2023\/07\/bella-2-1152x1536.jpg 1152w, https:\/\/domainedelacalinerie.fr\/wp-content\/uploads\/2023\/07\/bella-2-45x60.jpg 45w\" sizes=\"auto, (max-width: 1200px) 100vw, 1200px\" \/><\/a><\/figure><\/div>\n\n\n\n<div class=\"wp-block-column is-layout-flow wp-block-column-is-layout-flow\" style=\"flex-basis:33.33%\"><h2 class=\"wp-block-post-title\"><a href=\"https:\/\/domainedelacalinerie.fr\/index.php\/2023\/06\/18\/petit-ange\/\" target=\"_self\" >Petit ange<\/a><\/h2>\n\n<div class=\"wp-block-post-excerpt\"><p class=\"wp-block-post-excerpt__excerpt\">Aujourd&#8217;hui un merveilleuse nouvelle : Une petite boule d&#8217;amour est n\u00e9e. Je vous le disais, nous avons pris la d\u00e9cision d&#8217;accueillir une nouvelle petite maman au sein de notre grande &hellip; <\/p><\/div><\/div>\n<\/div>\n\n<\/li><li class=\"wp-block-post post-195 post type-post status-publish format-standard has-post-thumbnail hentry category-portee latest_post\">\n\n<div class=\"wp-block-columns alignwide is-layout-flex wp-container-core-columns-is-layout-9d6595d7 wp-block-columns-is-layout-flex\">\n<div class=\"wp-block-column is-layout-flow wp-block-column-is-layout-flow\" style=\"flex-basis:66.66%\"><figure class=\"wp-block-post-featured-image\"><a href=\"https:\/\/domainedelacalinerie.fr\/index.php\/2023\/06\/15\/aout-2023-portee-luna-et-adesse\/\" target=\"_self\"  ><img loading=\"lazy\" decoding=\"async\" width=\"940\" height=\"788\" src=\"https:\/\/domainedelacalinerie.fr\/wp-content\/uploads\/2023\/06\/Luna-Adesse.jpg\" class=\"attachment-post-thumbnail size-post-thumbnail wp-post-image\" alt=\"Aout 2023 : Port\u00e9e Nos Dieux Grecs\" style=\"object-fit:cover;\" srcset=\"https:\/\/domainedelacalinerie.fr\/wp-content\/uploads\/2023\/06\/Luna-Adesse.jpg 940w, https:\/\/domainedelacalinerie.fr\/wp-content\/uploads\/2023\/06\/Luna-Adesse-300x251.jpg 300w, https:\/\/domainedelacalinerie.fr\/wp-content\/uploads\/2023\/06\/Luna-Adesse-768x644.jpg 768w, https:\/\/domainedelacalinerie.fr\/wp-content\/uploads\/2023\/06\/Luna-Adesse-72x60.jpg 72w\" sizes=\"auto, (max-width: 940px) 100vw, 940px\" \/><\/a><\/figure><\/div>\n\n\n\n<div class=\"wp-block-column is-layout-flow wp-block-column-is-layout-flow\" style=\"flex-basis:33.33%\"><h2 class=\"wp-block-post-title\"><a href=\"https:\/\/domainedelacalinerie.fr\/index.php\/2023\/06\/15\/aout-2023-portee-luna-et-adesse\/\" target=\"_self\" >Aout 2023 : Port\u00e9e Nos Dieux Grecs<\/a><\/h2>\n\n<div class=\"wp-block-post-excerpt\"><p class=\"wp-block-post-excerpt__excerpt\">Notre belle Luna \u00e0 \u00e9t\u00e9 mari\u00e9e au petit champion Adesse de l&#8217;\u00e9levage Le Domaine Du Lys. Nous attendons de petites merveilles et avons h\u00e2te de vous les pr\u00e9senter. Une \u00e9chographie &hellip; <\/p><\/div><\/div>\n<\/div>\n\n<\/li><\/ul><\/div>\n","protected":false},"excerpt":{"rendered":"<p>Ici vous pourrez suivre nos aventures, celle de nos compagnons ou encore les nouvelles des b\u00e9b\u00e9s qui ont vu le jour chez nous !<\/p>\n","protected":false},"author":1,"featured_media":0,"parent":0,"menu_order":0,"comment_status":"closed","ping_status":"closed","template":"","meta":{"_monsterinsights_skip_tracking":false,"_monsterinsights_sitenote_active":false,"_monsterinsights_sitenote_note":"","_monsterinsights_sitenote_category":0,"footnotes":""},"class_list":["post-188","page","type-page","status-publish","hentry","latest_post"],"aioseo_notices":[],"_links":{"self":[{"href":"https:\/\/domainedelacalinerie.fr\/index.php\/wp-json\/wp\/v2\/pages\/188","targetHints":{"allow":["GET"]}}],"collection":[{"href":"https:\/\/domainedelacalinerie.fr\/index.php\/wp-json\/wp\/v2\/pages"}],"about":[{"href":"https:\/\/domainedelacalinerie.fr\/index.php\/wp-json\/wp\/v2\/types\/page"}],"author":[{"embeddable":true,"href":"https:\/\/domainedelacalinerie.fr\/index.php\/wp-json\/wp\/v2\/users\/1"}],"replies":[{"embeddable":true,"href":"https:\/\/domainedelacalinerie.fr\/index.php\/wp-json\/wp\/v2\/comments?post=188"}],"version-history":[{"count":6,"href":"https:\/\/domainedelacalinerie.fr\/index.php\/wp-json\/wp\/v2\/pages\/188\/revisions"}],"predecessor-version":[{"id":241,"href":"https:\/\/domainedelacalinerie.fr\/index.php\/wp-json\/wp\/v2\/pages\/188\/revisions\/241"}],"wp:attachment":[{"href":"https:\/\/domainedelacalinerie.fr\/index.php\/wp-json\/wp\/v2\/media?parent=188"}],"curies":[{"name":"wp","href":"https:\/\/api.w.org\/{rel}","templated":true}]}}