{"id":155,"date":"2023-05-26T12:45:22","date_gmt":"2023-05-26T10:45:22","guid":{"rendered":"http:\/\/domainedelacalinerie.fr\/?page_id=155"},"modified":"2023-10-26T11:57:41","modified_gmt":"2023-10-26T09:57:41","slug":"le-pomsky","status":"publish","type":"page","link":"https:\/\/domainedelacalinerie.fr\/index.php\/le-pomsky\/","title":{"rendered":"Le POMSKY"},"content":{"rendered":"\n<p>Le Pomsky est une nouvelle race de chien en cr\u00e9ation, encore non reconnue par la F\u00e9d\u00e9ration Cynologique Internationale ( FCI ).<\/p>\n\n\n<div class=\"wp-block-image\">\n<figure class=\"alignleft size-full is-resized\"><img loading=\"lazy\" decoding=\"async\" width=\"401\" height=\"453\" src=\"http:\/\/domainedelacalinerie.fr\/wp-content\/uploads\/2023\/05\/Loki-2-e1685094141571.jpg\" alt=\"\" class=\"wp-image-121\" style=\"width:301px;height:340px\" srcset=\"https:\/\/domainedelacalinerie.fr\/wp-content\/uploads\/2023\/05\/Loki-2-e1685094141571.jpg 401w, https:\/\/domainedelacalinerie.fr\/wp-content\/uploads\/2023\/05\/Loki-2-e1685094141571-266x300.jpg 266w, https:\/\/domainedelacalinerie.fr\/wp-content\/uploads\/2023\/05\/Loki-2-e1685094141571-53x60.jpg 53w\" sizes=\"auto, (max-width: 401px) 100vw, 401px\" \/><\/figure>\n<\/div>\n\n\n<p>Cependant, il conna\u00eet d\u00e9j\u00e0 un grand succ\u00e8s sur les r\u00e9seaux sociaux dans le monde, en Europe et maintenant en France, gr\u00e2ce \u00e0 son allure de Husky miniature.<\/p>\n\n\n\n<p>Le Pomsky est issu d\u2019un croisement entre une m\u00e8re Husky de Sib\u00e9rie et&nbsp;un p\u00e8re Spitz nain ou Loulou de Pommeranie.<\/p>\n\n\n\n<p>La combinaison de ces deux races donne finalement naissance \u00e0 un chien de compagnie, avec des chiots dont les traits physiques sont similaires au Husky Sib\u00e9rien, notamment au niveau des marquages physiques, ( masques, morphologie ) mais avec une taille plus petite (s\u2019apparentant plut\u00f4t \u00e0 la taille du Spitz nain).<\/p>\n\n\n\n<p><\/p>\n\n\n\n<h2 class=\"wp-block-heading\">L&#8217;histoire de la race<\/h2>\n\n\n\n<p><\/p>\n\n\n\n<p>On doit cette jeune race \u00e0 l\u2019influence d\u2019internet. En effet, si aujourd\u2019hui le Pomsky se fait  internationalement conna\u00eetre gr\u00e2ce aux r\u00e9seaux, c\u2019est aussi de l\u00e0 qu&#8217;est partie l\u2019id\u00e9e de ce croisement.<\/p>\n\n\n<div class=\"wp-block-image\">\n<figure class=\"alignright size-large is-resized\"><img loading=\"lazy\" decoding=\"async\" width=\"819\" height=\"1024\" src=\"http:\/\/domainedelacalinerie.fr\/wp-content\/uploads\/2023\/05\/Izzy-Luna-2-819x1024.jpg\" alt=\"\" class=\"wp-image-62\" style=\"width:410px;height:512px\" srcset=\"https:\/\/domainedelacalinerie.fr\/wp-content\/uploads\/2023\/05\/Izzy-Luna-2-819x1024.jpg 819w, https:\/\/domainedelacalinerie.fr\/wp-content\/uploads\/2023\/05\/Izzy-Luna-2-240x300.jpg 240w, https:\/\/domainedelacalinerie.fr\/wp-content\/uploads\/2023\/05\/Izzy-Luna-2-768x960.jpg 768w, https:\/\/domainedelacalinerie.fr\/wp-content\/uploads\/2023\/05\/Izzy-Luna-2-1229x1536.jpg 1229w, https:\/\/domainedelacalinerie.fr\/wp-content\/uploads\/2023\/05\/Izzy-Luna-2-48x60.jpg 48w, https:\/\/domainedelacalinerie.fr\/wp-content\/uploads\/2023\/05\/Izzy-Luna-2.jpg 1512w\" sizes=\"auto, (max-width: 819px) 100vw, 819px\" \/><\/figure>\n<\/div>\n\n\n<p>Elle provient d&#8217;un simple \u00e9change sur un forum en 2009 \u00e0 partir duquel \u00e9mergent quelques photos de \u00ab faux Pomskies \u00bb, des articles, des fausses annonces, etc. L\u2019id\u00e9e du Pomsky devient alors assez rapidement virale dans les ann\u00e9es qui suivent sans m\u00eame r\u00e9ellement exister.<\/p>\n\n\n\n<p>En 2011, la premi\u00e8re video d\u2019un vrai Pomsky (et non pas celle d\u2019un b\u00e9b\u00e9 Husky, d\u2019un Alaskan Klee Kai ou encore d\u2019un Finnois de Laponie) appara\u00eet et fait le buzz.<\/p>\n\n\n\n<p>Finalement, personne n\u2019a volontairement cr\u00e9e le Pomsky, c\u2019est la demande du public qui a abouti \u00e0 la cr\u00e9ation de la race.<\/p>\n\n\n\n<p>La premi\u00e8re saillie intentionnelle entre un m\u00e2le Pomeranien et une femelle Husky est r\u00e9alis\u00e9e en 2012 par deux femmes am\u00e9ricaines qui d\u00e9cident de collaborer ensemble, curieuses de voir o\u00f9 cela pouvait bien mener&#8230;<\/p>\n\n\n\n<p>Et ce fut un succ\u00e8s ! Elles fondent alors les deux premiers \u00e9levages de Pomskies : Apex Pomskies et Arctic design Pomskies.<\/p>\n\n\n\n<p>En 2013, Tressa Petterson (Apex Pomskies) met en ligne une vid\u00e9o de sa derni\u00e8re port\u00e9e et d\u00e9clenche un nouvel engouement dans tout le pays. Elle cumule tr\u00e8s rapidement des milliers de vues et donne envie au public d\u2019acqu\u00e9rir un Pomsky.<\/p>\n\n\n\n<p><\/p>\n\n\n\n<h2 class=\"wp-block-heading\">LES G\u00c9N\u00c9RATIONS : F1 &#8211; F2 &#8211; F3 &#8211; &#8230;<\/h2>\n\n\n\n<p>Pour faire simple, une \u201cg\u00e9n\u00e9ration\u201d est d\u00e9finie par le type de croisement qui a \u00e9t\u00e9 effectu\u00e9 avant la naissance du chiot : La lettre F d\u00e9signe le terme Filiation<\/p>\n\n\n\n<p>F1 : C\u2019est le croisement initial, la premi\u00e8re g\u00e9n\u00e9ration ou premi\u00e8re filiation de pomsky : croisement entre une femelle Husky et un m\u00e2le Pomeranien<br>F2 : Pour cette generation, on croise deux Pomskys F1<br>F3 : L\u2019animal sera issu du croisement entre deux Pomsky F2<br>F4 : chiot issu du croisement entre deux pomsky F3<br>F5 : \u00e0 partir de cette g\u00e9n\u00e9ration, donc la cinqui\u00e8me g\u00e9n\u00e9ration de pomsky, nous ne comptons plus en chiffres et consid\u00e9rons que le pomsky est stable g\u00e9n\u00e9tiquement, ce que nous appelons multig\u00e9n\u00e9rationnel.<\/p>\n\n\n\n<figure class=\"wp-block-image size-large\"><img loading=\"lazy\" decoding=\"async\" width=\"1024\" height=\"545\" src=\"http:\/\/domainedelacalinerie.fr\/wp-content\/uploads\/2023\/05\/image-1024x545.png\" alt=\"\" class=\"wp-image-160\" srcset=\"https:\/\/domainedelacalinerie.fr\/wp-content\/uploads\/2023\/05\/image-1024x545.png 1024w, https:\/\/domainedelacalinerie.fr\/wp-content\/uploads\/2023\/05\/image-300x160.png 300w, https:\/\/domainedelacalinerie.fr\/wp-content\/uploads\/2023\/05\/image-768x409.png 768w, https:\/\/domainedelacalinerie.fr\/wp-content\/uploads\/2023\/05\/image-113x60.png 113w, https:\/\/domainedelacalinerie.fr\/wp-content\/uploads\/2023\/05\/image.png 1048w\" sizes=\"auto, (max-width: 1024px) 100vw, 1024px\" \/><\/figure>\n\n\n\n<p><\/p>\n\n\n\n<h2 class=\"wp-block-heading\">Son caract\u00e8re<\/h2>\n\n\n\n<p>T\u00e9m\u00e9raire, vif et s\u00fbr de lui, le Pomsky ne manque pas de caract\u00e8re. Bien que chaque chien soit unique, celui-ci est globalement tr\u00e8s intelligent, mod\u00e9r\u00e9ment t\u00eatu, attentif et affectueux envers son ma\u00eetre sans se r\u00e9v\u00e9ler trop envahissant.<\/p>\n\n\n\n<p>C\u2019est un chien facile \u00e0 vivre qui sait se montrer paisible mais qui sera toujours pr\u00eat \u00e0 vous suivre pour partir \u00e0 l\u2019aventure&#8230; ou bien ce sera peut-\u00eatre \u00e0 vous de le suivre ! En effet, ce petit chien est un incorrigible explorateur qui a soif de d\u00e9couverte.<\/p>\n\n\n\n<p>Faites-lui acqu\u00e9rir un bon rappel, un suivi naturel et emmenez-le parcourir le monde, vous ferez de lui le plus heureux des toutous.<\/p>\n\n\n\n<p><\/p>\n\n\n\n<p>En somme, c\u2019est un chien joyeux, qui sera un v\u00e9ritable petit rayon de soleil dans vos vies !<\/p>\n\n\n\n<p><\/p>\n\n\n\n<h2 class=\"wp-block-heading\">Son Physique<\/h2>\n\n\n\n<p>A mi-chemin entre le Spitz et le Husky, le Pomsky est mignon comme un petit chien et \u00e9l\u00e9gant comme un grand.<\/p>\n\n\n<div class=\"wp-block-image\">\n<figure class=\"alignleft size-large is-resized\"><img loading=\"lazy\" decoding=\"async\" width=\"768\" height=\"1024\" src=\"http:\/\/domainedelacalinerie.fr\/wp-content\/uploads\/2023\/05\/Luna-3-768x1024.jpg\" alt=\"\" class=\"wp-image-45\" style=\"width:384px;height:512px\" srcset=\"https:\/\/domainedelacalinerie.fr\/wp-content\/uploads\/2023\/05\/Luna-3-768x1024.jpg 768w, https:\/\/domainedelacalinerie.fr\/wp-content\/uploads\/2023\/05\/Luna-3-225x300.jpg 225w, https:\/\/domainedelacalinerie.fr\/wp-content\/uploads\/2023\/05\/Luna-3-1152x1536.jpg 1152w, https:\/\/domainedelacalinerie.fr\/wp-content\/uploads\/2023\/05\/Luna-3-45x60.jpg 45w, https:\/\/domainedelacalinerie.fr\/wp-content\/uploads\/2023\/05\/Luna-3.jpg 1512w\" sizes=\"auto, (max-width: 768px) 100vw, 768px\" \/><\/figure>\n<\/div>\n\n\n<p>Chien s\u00e9duisant aux yeux de tous, le Pomsky poss\u00e8de \u00e9galement un poils variable: il en existe de toutes les couleurs et de toutes les textures. Pour ceux qui aiment les poils longs, le pelage wooly coat est fait pour vous.<\/p>\n\n\n\n<p>Plut\u00f4t \u00e9pris des poils courts ? C\u2019est possible avec un pelage type Husky. Si vous h\u00e9sitez entre les deux, le pelage fluffy saura vous charmer.<\/p>\n\n\n\n<p>Pour ce qui est de sa couleur, votre \u00ab mini husky \u00bb peut pr\u00e9senter toutes les robes de cette race. Il existe \u00e9galement des Pomskies ayant h\u00e9rit\u00e9 de la robe rousse du Spitz, appel\u00e9s couramment \u00ab Pomskies renards \u00bb.<\/p>\n\n\n\n<p><\/p>\n\n\n\n<p><\/p>\n\n\n\n<p><\/p>\n\n\n\n<p><\/p>\n\n\n\n<h2 class=\"wp-block-heading\">Sa taille et son poids<\/h2>\n\n\n\n<p>Il existe trois tailles de Pomsky : toy ou aussi appel\u00e9 micro, miniature et standard.<br>Les pomsky de taille toy ou micro mesureront 25 \u00e0 34 cm au garrot, toutes g\u00e9n\u00e9rations confondues.<br>Les pomsky de taille miniatures, il font entre 35 \u00e0 40cm toutes g\u00e9n\u00e9rations confondues.<br>Les pomsky de taille standard mesureront entre 41 \u00e0 45 cm au garrot toutes g\u00e9n\u00e9rations confondues \u00e9galement.<br>Concernant les plus grands dits hors standard, on ne les retrouve r\u00e9pertori\u00e9s que dans la 1 \u00e8re g\u00e9n\u00e9ration avec une taille d\u00e9passant les 45 cm. Cependant, le Pomsky n\u2019\u00e9tant pas une race fix\u00e9e, vous pourrez trouver des individus hors standard dans des g\u00e9n\u00e9rations plus avanc\u00e9es.<\/p>\n\n\n<div class=\"wp-block-image\">\n<figure class=\"alignright size-full is-resized\"><img loading=\"lazy\" decoding=\"async\" width=\"640\" height=\"480\" src=\"http:\/\/domainedelacalinerie.fr\/wp-content\/uploads\/2023\/05\/chouchou-5.jpg\" alt=\"\" class=\"wp-image-134\" style=\"width:480px;height:360px\" srcset=\"https:\/\/domainedelacalinerie.fr\/wp-content\/uploads\/2023\/05\/chouchou-5.jpg 640w, https:\/\/domainedelacalinerie.fr\/wp-content\/uploads\/2023\/05\/chouchou-5-300x225.jpg 300w, https:\/\/domainedelacalinerie.fr\/wp-content\/uploads\/2023\/05\/chouchou-5-80x60.jpg 80w, https:\/\/domainedelacalinerie.fr\/wp-content\/uploads\/2023\/05\/chouchou-5-110x83.jpg 110w\" sizes=\"auto, (max-width: 640px) 100vw, 640px\" \/><\/figure>\n<\/div>\n\n\n<p>Vous l\u2019aurez compris, son poids ne sera pas le m\u00eame en fonction de sa taille. On compte environ 2 \u00e0 5 kg pour les pomsky de taille toy ou micro. Pour les pomsky miniatures, on retrouve un poids compris entre 6 et 8kg et entre 9 et 12 kg pour les pomsky de taille standard. Pour les plus grands Pomsky dits \u201chors standard\u201d on sera dans une fourchette de 13 \u00e0 18KG<\/p>\n\n\n\n<p><\/p>\n\n\n\n<p><\/p>\n\n\n\n<h2 class=\"wp-block-heading\">Les couleurs<\/h2>\n\n\n\n<p>Nous retrouvons diff\u00e9rentes couleurs chez le pomsky. <\/p>\n\n\n\n<p>Voici un petit tableau qui r\u00e9sume les couleurs de pomsky. Attention, il y a encore bien d&#8217;autres nuances !<\/p>\n\n\n\n<figure class=\"wp-block-image size-large\"><img loading=\"lazy\" decoding=\"async\" width=\"1024\" height=\"798\" src=\"http:\/\/domainedelacalinerie.fr\/wp-content\/uploads\/2023\/10\/tableau-couleurs-1024x798.jpg\" alt=\"\" class=\"wp-image-333\" srcset=\"https:\/\/domainedelacalinerie.fr\/wp-content\/uploads\/2023\/10\/tableau-couleurs-1024x798.jpg 1024w, https:\/\/domainedelacalinerie.fr\/wp-content\/uploads\/2023\/10\/tableau-couleurs-300x234.jpg 300w, https:\/\/domainedelacalinerie.fr\/wp-content\/uploads\/2023\/10\/tableau-couleurs-768x598.jpg 768w, https:\/\/domainedelacalinerie.fr\/wp-content\/uploads\/2023\/10\/tableau-couleurs-77x60.jpg 77w, https:\/\/domainedelacalinerie.fr\/wp-content\/uploads\/2023\/10\/tableau-couleurs.jpg 1127w\" sizes=\"auto, (max-width: 1024px) 100vw, 1024px\" \/><\/figure>\n","protected":false},"excerpt":{"rendered":"<p>Le Pomsky est une nouvelle race de chien en cr\u00e9ation, encore non reconnue par la F\u00e9d\u00e9ration Cynologique Internationale ( FCI ). Cependant, il conna\u00eet d\u00e9j\u00e0 un grand succ\u00e8s sur les &hellip; <\/p>\n","protected":false},"author":1,"featured_media":0,"parent":0,"menu_order":0,"comment_status":"closed","ping_status":"closed","template":"","meta":{"_monsterinsights_skip_tracking":false,"_monsterinsights_sitenote_active":false,"_monsterinsights_sitenote_note":"","_monsterinsights_sitenote_category":0,"footnotes":""},"class_list":["post-155","page","type-page","status-publish","hentry","latest_post"],"aioseo_notices":[],"_links":{"self":[{"href":"https:\/\/domainedelacalinerie.fr\/index.php\/wp-json\/wp\/v2\/pages\/155","targetHints":{"allow":["GET"]}}],"collection":[{"href":"https:\/\/domainedelacalinerie.fr\/index.php\/wp-json\/wp\/v2\/pages"}],"about":[{"href":"https:\/\/domainedelacalinerie.fr\/index.php\/wp-json\/wp\/v2\/types\/page"}],"author":[{"embeddable":true,"href":"https:\/\/domainedelacalinerie.fr\/index.php\/wp-json\/wp\/v2\/users\/1"}],"replies":[{"embeddable":true,"href":"https:\/\/domainedelacalinerie.fr\/index.php\/wp-json\/wp\/v2\/comments?post=155"}],"version-history":[{"count":10,"href":"https:\/\/domainedelacalinerie.fr\/index.php\/wp-json\/wp\/v2\/pages\/155\/revisions"}],"predecessor-version":[{"id":334,"href":"https:\/\/domainedelacalinerie.fr\/index.php\/wp-json\/wp\/v2\/pages\/155\/revisions\/334"}],"wp:attachment":[{"href":"https:\/\/domainedelacalinerie.fr\/index.php\/wp-json\/wp\/v2\/media?parent=155"}],"curies":[{"name":"wp","href":"https:\/\/api.w.org\/{rel}","templated":true}]}}