{"id":126,"date":"2023-05-25T15:21:30","date_gmt":"2023-05-25T13:21:30","guid":{"rendered":"http:\/\/domainedelacalinerie.fr\/?page_id=126"},"modified":"2024-08-22T19:12:33","modified_gmt":"2024-08-22T17:12:33","slug":"nos-chiots-disponibles","status":"publish","type":"page","link":"https:\/\/domainedelacalinerie.fr\/index.php\/nos-chiots-disponibles\/","title":{"rendered":"Nos Chiots Disponibles"},"content":{"rendered":"\n<div class=\"wp-block-media-text alignwide is-stacked-on-mobile\"><figure class=\"wp-block-media-text__media\"><img loading=\"lazy\" decoding=\"async\" width=\"640\" height=\"480\" src=\"http:\/\/domainedelacalinerie.fr\/wp-content\/uploads\/2023\/05\/IMG_2373.jpg\" alt=\"\" class=\"wp-image-129 size-full\" srcset=\"https:\/\/domainedelacalinerie.fr\/wp-content\/uploads\/2023\/05\/IMG_2373.jpg 640w, https:\/\/domainedelacalinerie.fr\/wp-content\/uploads\/2023\/05\/IMG_2373-300x225.jpg 300w, https:\/\/domainedelacalinerie.fr\/wp-content\/uploads\/2023\/05\/IMG_2373-80x60.jpg 80w, https:\/\/domainedelacalinerie.fr\/wp-content\/uploads\/2023\/05\/IMG_2373-110x83.jpg 110w\" sizes=\"auto, (max-width: 640px) 100vw, 640px\" \/><\/figure><div class=\"wp-block-media-text__content\">\n<h1 class=\"wp-block-heading has-text-align-center\">Les mariages 2024<\/h1>\n\n\n\n<p class=\"has-text-align-center\" id=\"wvrYspseS9wYlTdG\"><em>Vous trouverez ici nos chiots disponibles ainsi que leurs fr\u00e8res et soeurs qui ont trouv\u00e9s leurs famille.<\/em><\/p>\n\n\n\n<p class=\"has-text-align-center\" id=\"l9pv99aLzjWSbzcv\"><em>Vous pourrez \u00e9galement trouver des informations sur les futurs b\u00e9b\u00e9s \u00e0 naitre en avant premi\u00e8re.<\/em><\/p>\n<\/div><\/div>\n\n\n\n<div style=\"height:31px\" aria-hidden=\"true\" class=\"wp-block-spacer\"><\/div>\n\n\n\n<h2 class=\"wp-block-heading has-text-align-center\">SEPTEMBRE 2024 : LOKI et BLUE<\/h2>\n\n\n\n<div class=\"wp-block-media-text is-stacked-on-mobile\"><figure class=\"wp-block-media-text__media\"><img loading=\"lazy\" decoding=\"async\" width=\"300\" height=\"251\" src=\"https:\/\/domainedelacalinerie.fr\/wp-content\/uploads\/2024\/08\/img_7297-1-300x251.jpg\" alt=\"\" class=\"wp-image-426 size-full\" srcset=\"https:\/\/domainedelacalinerie.fr\/wp-content\/uploads\/2024\/08\/img_7297-1-300x251.jpg 300w, https:\/\/domainedelacalinerie.fr\/wp-content\/uploads\/2024\/08\/img_7297-1-768x644.jpg 768w, https:\/\/domainedelacalinerie.fr\/wp-content\/uploads\/2024\/08\/img_7297-1-72x60.jpg 72w, https:\/\/domainedelacalinerie.fr\/wp-content\/uploads\/2024\/08\/img_7297-1.jpg 940w\" sizes=\"auto, (max-width: 300px) 100vw, 300px\" \/><\/figure><div class=\"wp-block-media-text__content\">\n<p>Des petits Pomsky sont attendus pour la rentr\u00e9e \ud83d\udc3e. Le mariage de notre belle Blue \ud83d\udc99 avec Loki, le fils de notre Luna \ud83c\udf19, issu de notre \u00e9levage, a eu lieu avec succ\u00e8s \ud83d\udc8d.<\/p>\n\n\n\n<p>Ainsi, Luna sera cette ann\u00e9e \u00e0 la fois maman et grand-m\u00e8re \ud83d\udc36\ud83d\udc75, un \u00e9v\u00e9nement qui nous remplit d&#8217;\u00e9motion \u2764\ufe0f. C&#8217;est un moment sp\u00e9cial pour nous, car nous voyons na\u00eetre la deuxi\u00e8me g\u00e9n\u00e9ration de notre \u00e9levage \ud83d\udc76\ud83d\udc3e.<\/p>\n\n\n\n<p>Les petits \u00e0 venir devraient \u00eatre :<br>De petite taille \ud83d\udc15<br>Avoir de magnifiques yeux bleus \ud83d\udc40\ud83d\udc8e<br>Arborer de jolis masques \ud83c\udfad<br>Des robes principalement noires et blanches \u26ab\u26aa<br>Et, bien s\u00fbr, nous esp\u00e9rons quelques surprises \ud83c\udf89.<\/p>\n<\/div><\/div>\n\n\n\n<div style=\"height:30px\" aria-hidden=\"true\" class=\"wp-block-spacer\"><\/div>\n\n\n<div class=\"wp-block-image\">\n<figure class=\"aligncenter size-large is-resized\"><img loading=\"lazy\" decoding=\"async\" width=\"724\" height=\"1024\" src=\"http:\/\/domainedelacalinerie.fr\/wp-content\/uploads\/2024\/08\/minimalist-blue-beach-Welcome-summer-Flyer-1-724x1024.jpg\" alt=\"\" class=\"wp-image-433\" style=\"width:373px;height:auto\" srcset=\"https:\/\/domainedelacalinerie.fr\/wp-content\/uploads\/2024\/08\/minimalist-blue-beach-Welcome-summer-Flyer-1-724x1024.jpg 724w, https:\/\/domainedelacalinerie.fr\/wp-content\/uploads\/2024\/08\/minimalist-blue-beach-Welcome-summer-Flyer-1-212x300.jpg 212w, https:\/\/domainedelacalinerie.fr\/wp-content\/uploads\/2024\/08\/minimalist-blue-beach-Welcome-summer-Flyer-1-768x1086.jpg 768w, https:\/\/domainedelacalinerie.fr\/wp-content\/uploads\/2024\/08\/minimalist-blue-beach-Welcome-summer-Flyer-1-1086x1536.jpg 1086w, https:\/\/domainedelacalinerie.fr\/wp-content\/uploads\/2024\/08\/minimalist-blue-beach-Welcome-summer-Flyer-1-42x60.jpg 42w, https:\/\/domainedelacalinerie.fr\/wp-content\/uploads\/2024\/08\/minimalist-blue-beach-Welcome-summer-Flyer-1.jpg 1414w\" sizes=\"auto, (max-width: 724px) 100vw, 724px\" \/><\/figure>\n<\/div>\n\n\n<div style=\"height:45px\" aria-hidden=\"true\" class=\"wp-block-spacer\"><\/div>\n\n\n\n<h2 class=\"wp-block-heading\">SEPTEMBRE 2024 : ROCKET et LUNA<\/h2>\n\n\n\n<div class=\"wp-block-media-text is-stacked-on-mobile\"><figure class=\"wp-block-media-text__media\"><img loading=\"lazy\" decoding=\"async\" width=\"940\" height=\"788\" src=\"http:\/\/domainedelacalinerie.fr\/wp-content\/uploads\/2024\/08\/Miniature.jpg\" alt=\"\" class=\"wp-image-480 size-full\" srcset=\"https:\/\/domainedelacalinerie.fr\/wp-content\/uploads\/2024\/08\/Miniature.jpg 940w, https:\/\/domainedelacalinerie.fr\/wp-content\/uploads\/2024\/08\/Miniature-300x251.jpg 300w, https:\/\/domainedelacalinerie.fr\/wp-content\/uploads\/2024\/08\/Miniature-768x644.jpg 768w, https:\/\/domainedelacalinerie.fr\/wp-content\/uploads\/2024\/08\/Miniature-72x60.jpg 72w\" sizes=\"auto, (max-width: 940px) 100vw, 940px\" \/><\/figure><div class=\"wp-block-media-text__content\">\n<p>Notre magnifique Luna, pomsky F1B, a \u00e9t\u00e9 mari\u00e9e au splendide Rocket du Domaine D&#8217;U Lys, pomsky F3, provenant des \u00c9tats-Unis. Les deux parents ont \u00e9t\u00e9 test\u00e9s par Embark \ud83e\uddec et poss\u00e8dent leur carte ADN \ud83d\udc3e.<\/p>\n\n\n\n<p>Les petits bouts sont attendus pour la mi-septembre 2024 \ud83d\udcc5.<\/p>\n\n\n\n<p>Nous attendons avec impatience de splendides b\u00e9b\u00e9s :<\/p>\n\n\n\n<ul class=\"wp-block-list\">\n<li>\ud83d\udc40 Aux yeux bleus<\/li>\n\n\n\n<li>\ud83c\udfad Avec un masque fleur de lys ou ouvert<\/li>\n\n\n\n<li>\ud83c\udfa8 De magnifiques couleurs de robe dans un cama\u00efeu de noir et blanc<\/li>\n\n\n\n<li>\ud83d\udc36 De taille mini<\/li>\n<\/ul>\n\n\n\n<p>Ces adorables chiots promettent d&#8217;\u00eatre exceptionnels ! \ud83d\udc99<\/p>\n<\/div><\/div>\n\n\n\n<div style=\"height:30px\" aria-hidden=\"true\" class=\"wp-block-spacer\"><\/div>\n\n\n<div class=\"wp-block-image\">\n<figure class=\"aligncenter size-large is-resized\"><img loading=\"lazy\" decoding=\"async\" width=\"797\" height=\"1024\" src=\"http:\/\/domainedelacalinerie.fr\/wp-content\/uploads\/2024\/08\/Affiche-797x1024.png\" alt=\"\" class=\"wp-image-439\" style=\"width:390px;height:auto\" srcset=\"https:\/\/domainedelacalinerie.fr\/wp-content\/uploads\/2024\/08\/Affiche-797x1024.png 797w, https:\/\/domainedelacalinerie.fr\/wp-content\/uploads\/2024\/08\/Affiche-234x300.png 234w, https:\/\/domainedelacalinerie.fr\/wp-content\/uploads\/2024\/08\/Affiche-768x986.png 768w, https:\/\/domainedelacalinerie.fr\/wp-content\/uploads\/2024\/08\/Affiche-1196x1536.png 1196w, https:\/\/domainedelacalinerie.fr\/wp-content\/uploads\/2024\/08\/Affiche-47x60.png 47w, https:\/\/domainedelacalinerie.fr\/wp-content\/uploads\/2024\/08\/Affiche.png 1512w\" sizes=\"auto, (max-width: 797px) 100vw, 797px\" \/><\/figure>\n<\/div>\n\n\n<p><\/p>\n\n\n\n<h2 class=\"wp-block-heading has-text-align-center\">Nos port\u00e9es pr\u00e9c\u00e9dentes<\/h2>\n\n\n\n<div class=\"wp-block-query is-layout-flow wp-block-query-is-layout-flow\"><ul class=\"columns-3 wp-block-post-template is-layout-grid wp-container-core-post-template-is-layout-2fc57c17 wp-block-post-template-is-layout-grid\"><li class=\"wp-block-post post-449 post type-post status-publish format-standard has-post-thumbnail hentry category-portee latest_post\">\n<h3 class=\"wp-block-post-title\"><a href=\"https:\/\/domainedelacalinerie.fr\/index.php\/2024\/08\/22\/septembre-2024-2\/\" target=\"_self\" >Septembre 2024<\/a><\/h3>\n\n<figure class=\"alignwide wp-block-post-featured-image\"><a href=\"https:\/\/domainedelacalinerie.fr\/index.php\/2024\/08\/22\/septembre-2024-2\/\" target=\"_self\"  ><img loading=\"lazy\" decoding=\"async\" width=\"940\" height=\"788\" src=\"https:\/\/domainedelacalinerie.fr\/wp-content\/uploads\/2024\/08\/Miniature.jpg\" class=\"attachment-post-thumbnail size-post-thumbnail wp-post-image\" alt=\"Septembre 2024\" style=\"object-fit:cover;\" srcset=\"https:\/\/domainedelacalinerie.fr\/wp-content\/uploads\/2024\/08\/Miniature.jpg 940w, https:\/\/domainedelacalinerie.fr\/wp-content\/uploads\/2024\/08\/Miniature-300x251.jpg 300w, https:\/\/domainedelacalinerie.fr\/wp-content\/uploads\/2024\/08\/Miniature-768x644.jpg 768w, https:\/\/domainedelacalinerie.fr\/wp-content\/uploads\/2024\/08\/Miniature-72x60.jpg 72w\" sizes=\"auto, (max-width: 940px) 100vw, 940px\" \/><\/a><\/figure>\n\n<div class=\"wp-block-post-excerpt\"><p class=\"wp-block-post-excerpt__excerpt\"> <\/p><\/div>\n\n\n<hr class=\"wp-block-separator has-css-opacity\"\/>\n\n\n<div class=\"wp-block-post-date\"><time datetime=\"2024-08-22T18:04:14+02:00\">22 August 2024<\/time><\/div>\n<\/li><li class=\"wp-block-post post-429 post type-post status-publish format-standard has-post-thumbnail hentry category-portee latest_post\">\n<h3 class=\"wp-block-post-title\"><a href=\"https:\/\/domainedelacalinerie.fr\/index.php\/2024\/08\/22\/septembre-2024\/\" target=\"_self\" >Septembre 2024<\/a><\/h3>\n\n<figure class=\"alignwide wp-block-post-featured-image\"><a href=\"https:\/\/domainedelacalinerie.fr\/index.php\/2024\/08\/22\/septembre-2024\/\" target=\"_self\"  ><img loading=\"lazy\" decoding=\"async\" width=\"940\" height=\"788\" src=\"https:\/\/domainedelacalinerie.fr\/wp-content\/uploads\/2024\/08\/img_7297-1.jpg\" class=\"attachment-post-thumbnail size-post-thumbnail wp-post-image\" alt=\"Septembre 2024\" style=\"object-fit:cover;\" srcset=\"https:\/\/domainedelacalinerie.fr\/wp-content\/uploads\/2024\/08\/img_7297-1.jpg 940w, https:\/\/domainedelacalinerie.fr\/wp-content\/uploads\/2024\/08\/img_7297-1-300x251.jpg 300w, https:\/\/domainedelacalinerie.fr\/wp-content\/uploads\/2024\/08\/img_7297-1-768x644.jpg 768w, https:\/\/domainedelacalinerie.fr\/wp-content\/uploads\/2024\/08\/img_7297-1-72x60.jpg 72w\" sizes=\"auto, (max-width: 940px) 100vw, 940px\" \/><\/a><\/figure>\n\n<div class=\"wp-block-post-excerpt\"><p class=\"wp-block-post-excerpt__excerpt\">Des petits Pomsky sont attendus pour la rentr\u00e9e \ud83d\udc3e. Le mariage de notre belle Blue \ud83d\udc99 avec Loki, le fils de notre Luna \ud83c\udf19, issu de notre \u00e9levage, a eu &hellip; <\/p><\/div>\n\n\n<hr class=\"wp-block-separator has-css-opacity\"\/>\n\n\n<div class=\"wp-block-post-date\"><time datetime=\"2024-08-22T15:26:42+02:00\">22 August 2024<\/time><\/div>\n<\/li><li class=\"wp-block-post post-377 post type-post status-publish format-standard has-post-thumbnail hentry category-actu category-portee latest_post\">\n<h3 class=\"wp-block-post-title\"><a href=\"https:\/\/domainedelacalinerie.fr\/index.php\/2024\/02\/16\/fevrier-2024-izzy-et-tokyo\/\" target=\"_self\" >FEVRIER 2024 : IZZY et TOKYO<\/a><\/h3>\n\n<figure class=\"alignwide wp-block-post-featured-image\"><a href=\"https:\/\/domainedelacalinerie.fr\/index.php\/2024\/02\/16\/fevrier-2024-izzy-et-tokyo\/\" target=\"_self\"  ><img loading=\"lazy\" decoding=\"async\" width=\"940\" height=\"788\" src=\"https:\/\/domainedelacalinerie.fr\/wp-content\/uploads\/2024\/02\/img_5240-3-1.jpg\" class=\"attachment-post-thumbnail size-post-thumbnail wp-post-image\" alt=\"FEVRIER 2024 : IZZY et TOKYO\" style=\"object-fit:cover;\" srcset=\"https:\/\/domainedelacalinerie.fr\/wp-content\/uploads\/2024\/02\/img_5240-3-1.jpg 940w, https:\/\/domainedelacalinerie.fr\/wp-content\/uploads\/2024\/02\/img_5240-3-1-300x251.jpg 300w, https:\/\/domainedelacalinerie.fr\/wp-content\/uploads\/2024\/02\/img_5240-3-1-768x644.jpg 768w, https:\/\/domainedelacalinerie.fr\/wp-content\/uploads\/2024\/02\/img_5240-3-1-72x60.jpg 72w\" sizes=\"auto, (max-width: 940px) 100vw, 940px\" \/><\/a><\/figure>\n\n<div class=\"wp-block-post-excerpt\"><p class=\"wp-block-post-excerpt__excerpt\">Notre petite princesse Izzy a \u00e9t\u00e9 mari\u00e9e au magnifique Tokyo des Pomsky de la Luna. Nous attendons des petites beaut\u00e9s de petites tailles. Les chiots devraient avoir un poils fluffy &hellip; <\/p><\/div>\n\n\n<hr class=\"wp-block-separator has-css-opacity\"\/>\n\n\n<div class=\"wp-block-post-date\"><time datetime=\"2024-02-16T16:02:24+01:00\">16 February 2024<\/time><\/div>\n<\/li><\/ul><\/div>\n\n\n\n<h2 class=\"wp-block-heading\"><\/h2>\n\n\n\n<p><\/p>\n\n\n\n<div class=\"wp-block-columns is-layout-flex wp-container-core-columns-is-layout-9d6595d7 wp-block-columns-is-layout-flex\">\n<div class=\"wp-block-column is-layout-flow wp-block-column-is-layout-flow\" style=\"flex-basis:50%\"><\/div>\n\n\n\n<div class=\"wp-block-column is-layout-flow wp-block-column-is-layout-flow\" style=\"flex-basis:50%\"><\/div>\n<\/div>\n","protected":false},"excerpt":{"rendered":"<p>Les mariages 2024 Vous trouverez ici nos chiots disponibles ainsi que leurs fr\u00e8res et soeurs qui ont trouv\u00e9s leurs famille. Vous pourrez \u00e9galement trouver des informations sur les futurs b\u00e9b\u00e9s &hellip; <\/p>\n","protected":false},"author":1,"featured_media":128,"parent":0,"menu_order":0,"comment_status":"closed","ping_status":"closed","template":"","meta":{"_monsterinsights_skip_tracking":false,"_monsterinsights_sitenote_active":false,"_monsterinsights_sitenote_note":"","_monsterinsights_sitenote_category":0,"footnotes":""},"class_list":["post-126","page","type-page","status-publish","has-post-thumbnail","hentry","latest_post"],"aioseo_notices":[],"_links":{"self":[{"href":"https:\/\/domainedelacalinerie.fr\/index.php\/wp-json\/wp\/v2\/pages\/126","targetHints":{"allow":["GET"]}}],"collection":[{"href":"https:\/\/domainedelacalinerie.fr\/index.php\/wp-json\/wp\/v2\/pages"}],"about":[{"href":"https:\/\/domainedelacalinerie.fr\/index.php\/wp-json\/wp\/v2\/types\/page"}],"author":[{"embeddable":true,"href":"https:\/\/domainedelacalinerie.fr\/index.php\/wp-json\/wp\/v2\/users\/1"}],"replies":[{"embeddable":true,"href":"https:\/\/domainedelacalinerie.fr\/index.php\/wp-json\/wp\/v2\/comments?post=126"}],"version-history":[{"count":38,"href":"https:\/\/domainedelacalinerie.fr\/index.php\/wp-json\/wp\/v2\/pages\/126\/revisions"}],"predecessor-version":[{"id":482,"href":"https:\/\/domainedelacalinerie.fr\/index.php\/wp-json\/wp\/v2\/pages\/126\/revisions\/482"}],"wp:featuredmedia":[{"embeddable":true,"href":"https:\/\/domainedelacalinerie.fr\/index.php\/wp-json\/wp\/v2\/media\/128"}],"wp:attachment":[{"href":"https:\/\/domainedelacalinerie.fr\/index.php\/wp-json\/wp\/v2\/media?parent=126"}],"curies":[{"name":"wp","href":"https:\/\/api.w.org\/{rel}","templated":true}]}}